{"id":5506,"date":"2024-09-11T06:03:16","date_gmt":"2024-09-11T06:03:16","guid":{"rendered":"https://getzds.com\/prime-ib\/"},"modified":"2024-09-16T11:19:26","modified_gmt":"2024-09-16T11:19:26","slug":"prime-ib","status":"publish","type":"page","link":"https://getzds.com\/fr\/prime-ib\/","title":{"rendered":"Prime IB"},"content":{"rendered":"\t\t<div data-elementor-type=\"wp-page\" data-elementor-id=\"5506\" class=\"elementor elementor-5506 elementor-3845\" data-elementor-post-type=\"page\">\n\t\t\t\t<div class=\"elementor-element elementor-element-0ad14c0 e-flex e-con-boxed e-con e-parent\" data-id=\"0ad14c0\" data-element_type=\"container\">\n\t\t\t\t\t<div class=\"e-con-inner\">\n\t\t<div class=\"elementor-element elementor-element-8c23beb e-con-full e-flex e-con e-child\" data-id=\"8c23beb\" data-element_type=\"container\">\n\t\t\t\t<div class=\"elementor-element elementor-element-93da531 elementor-widget elementor-widget-breadcrumbs\" data-id=\"93da531\" data-element_type=\"widget\" data-widget_type=\"breadcrumbs.default\">\n\t\t\t\t<div class=\"elementor-widget-container\">\n\t\t\t\t\t<p id=\"breadcrumbs\"><span><span><a href=\"https://getzds.com\/fr\/\">Home<\/a><\/span><\/span><\/p>\t\t\t\t<\/div>\n\t\t\t\t<\/div>\n\t\t\t\t<\/div>\n\t\t\t\t\t<\/div>\n\t\t\t\t<\/div>\n\t\t<div class=\"elementor-element elementor-element-01e38eb e-flex e-con-boxed e-con e-parent\" data-id=\"01e38eb\" data-element_type=\"container\">\n\t\t\t\t\t<div class=\"e-con-inner\">\n\t\t<div class=\"elementor-element elementor-element-ee2f953 e-con-full e-flex e-con e-child\" data-id=\"ee2f953\" data-element_type=\"container\">\n\t\t\t\t<div class=\"elementor-element elementor-element-db5b162 elementor-widget__width-initial elementor-widget elementor-widget-heading\" data-id=\"db5b162\" data-element_type=\"widget\" data-widget_type=\"heading.default\">\n\t\t\t\t<div class=\"elementor-widget-container\">\n\t\t\t\t\t<h1 class=\"elementor-heading-title elementor-size-default\">Prime IB<\/h1>\t\t\t\t<\/div>\n\t\t\t\t<\/div>\n\t\t\t\t<\/div>\n\t\t<div class=\"elementor-element elementor-element-344baaa e-con-full e-flex e-con e-child\" data-id=\"344baaa\" data-element_type=\"container\">\n\t\t\t\t<div class=\"elementor-element elementor-element-a00334a elementor-widget elementor-widget-image\" data-id=\"a00334a\" data-element_type=\"widget\" data-widget_type=\"image.default\">\n\t\t\t\t<div class=\"elementor-widget-container\">\n\t\t\t\t\t\t\t\t\t\t\t\t\t\t\t<img fetchpriority=\"high\" decoding=\"async\" width=\"640\" height=\"358\" src=\"https://getzds.com\/wp-content\/uploads\/2024\/09\/ib-hero-minified-1024x573.png\" class=\"attachment-large size-large wp-image-5093\" alt=\"\" srcset=\"https://getzds.com\/wp-content\/uploads\/2024\/09\/ib-hero-minified-1024x573.png 1024w, https://getzds.com\/wp-content\/uploads\/2024\/09\/ib-hero-minified-300x168.png 300w, https://getzds.com\/wp-content\/uploads\/2024\/09\/ib-hero-minified-768x429.png 768w, https://getzds.com\/wp-content\/uploads\/2024\/09\/ib-hero-minified.png 1073w\" sizes=\"(max-width: 640px) 100vw, 640px\" \/>\t\t\t\t\t\t\t\t\t\t\t\t\t\t\t<\/div>\n\t\t\t\t<\/div>\n\t\t\t\t<\/div>\n\t\t\t\t\t<\/div>\n\t\t\t\t<\/div>\n\t\t<div class=\"elementor-element elementor-element-80afb1a e-flex e-con-boxed e-con e-parent\" data-id=\"80afb1a\" data-element_type=\"container\">\n\t\t\t\t\t<div class=\"e-con-inner\">\n\t\t<div class=\"elementor-element elementor-element-e15d58c e-con-full e-flex e-con e-child\" data-id=\"e15d58c\" data-element_type=\"container\">\n\t\t\t\t<\/div>\n\t\t<div class=\"elementor-element elementor-element-2c90889 e-con-full e-flex e-con e-child\" data-id=\"2c90889\" data-element_type=\"container\" data-settings=\"{&quot;background_background&quot;:&quot;classic&quot;}\">\n\t\t\t\t<div class=\"elementor-element elementor-element-f85e669 elementor-widget__width-initial elementor-widget elementor-widget-heading\" data-id=\"f85e669\" data-element_type=\"widget\" data-widget_type=\"heading.default\">\n\t\t\t\t<div class=\"elementor-widget-container\">\n\t\t\t\t\t<h2 class=\"elementor-heading-title elementor-size-default\">Formulaire d'inscription<\/h2>\t\t\t\t<\/div>\n\t\t\t\t<\/div>\n\t\t\t\t<div class=\"elementor-element elementor-element-894f16a elementor-widget elementor-widget-text-editor\" data-id=\"894f16a\" data-element_type=\"widget\" data-widget_type=\"text-editor.default\">\n\t\t\t\t<div class=\"elementor-widget-container\">\n\t\t\t\t\t\t\t\t\t<p>Les agents peuvent s&rsquo;inscrire en utilisant ce formulaire pour rejoindre la liste d&rsquo;attente des partenaires ZDS Premium et devenir \u00e9ligibles pour revendre des ZDS \u00e0 ZFX \u00e0 un tarif pr\u00e9f\u00e9rentiel.<\/p>\n\t\t\t\t\t\t\t\t<\/div>\n\t\t\t\t<\/div>\n\t\t\t\t<div class=\"elementor-element elementor-element-692b880 elementor-widget elementor-widget-shortcode\" data-id=\"692b880\" data-element_type=\"widget\" data-widget_type=\"shortcode.default\">\n\t\t\t\t<div class=\"elementor-widget-container\">\n\t\t\t\t\t\t\t<div class=\"elementor-shortcode\">\n<div class=\"wpcf7 no-js\" id=\"wpcf7-f5579-o1\" lang=\"fr-FR\" dir=\"ltr\" data-wpcf7-id=\"5579\">\n<div class=\"screen-reader-response\"><p role=\"status\" aria-live=\"polite\" aria-atomic=\"true\"><\/p> <ul><\/ul><\/div>\n<form action=\"\/fr\/wp-json\/wp\/v2\/pages\/5506#wpcf7-f5579-o1\" method=\"post\" class=\"wpcf7-form init\" aria-label=\"Formulaire de contact\" novalidate=\"novalidate\" data-status=\"init\">\n<div style=\"display: none;\">\n<input type=\"hidden\" name=\"_wpcf7\" value=\"5579\" \/>\n<input type=\"hidden\" name=\"_wpcf7_version\" value=\"6.0.6\" \/>\n<input type=\"hidden\" name=\"_wpcf7_locale\" value=\"fr_FR\" \/>\n<input type=\"hidden\" name=\"_wpcf7_unit_tag\" value=\"wpcf7-f5579-o1\" \/>\n<input type=\"hidden\" name=\"_wpcf7_container_post\" value=\"0\" \/>\n<input type=\"hidden\" name=\"_wpcf7_posted_data_hash\" value=\"\" \/>\n<\/div>\n<div class=\"document-form-wrap ib-form\">\n    <div class=\"row\">\n        <div class=\"col-md-6\">\n            <div class=\"form-grp\">\n                <span class=\"wpcf7-form-control-wrap\" data-name=\"ib-name\"><input size=\"40\" maxlength=\"400\" class=\"wpcf7-form-control wpcf7-text wpcf7-validates-as-required\" aria-required=\"true\" aria-invalid=\"false\" placeholder=\"Nom de l&#039;IB\" value=\"\" type=\"text\" name=\"ib-name\" \/><\/span>\n            <\/div>\n        <\/div>\n        <div class=\"col-md-6\">\n            <div class=\"form-grp\">\n                <span class=\"wpcf7-form-control-wrap\" data-name=\"agent-number\"><input size=\"40\" maxlength=\"400\" class=\"wpcf7-form-control wpcf7-text wpcf7-validates-as-required\" aria-required=\"true\" aria-invalid=\"false\" placeholder=\"Num\u00e9ro d&#039;agent\" value=\"\" type=\"text\" name=\"agent-number\" \/><\/span>\n            <\/div>\n        <\/div>\n        <div><div class=\"form-grp\">\n                <span class=\"wpcf7-form-control-wrap\" data-name=\"ib-email\"><input size=\"40\" maxlength=\"400\" class=\"wpcf7-form-control wpcf7-email wpcf7-validates-as-required wpcf7-text wpcf7-validates-as-email\" aria-required=\"true\" aria-invalid=\"false\" placeholder=\"Courriel\" value=\"\" type=\"email\" name=\"ib-email\" \/><\/span>\n    <\/div><\/div>\n    <\/div>\n    <div class=\"f12-captcha template-1\">\r\n    <label for=\"c_db38035e78a3293246de\">\r\n\t\t\r\n        <div class=\"c-header\">\r\n            <div class=\"c-input\">\r\n                <div class=\"c-data\"><span class=\"captcha-image\"><img decoding=\"async\" alt=\"captcha\" src=\"data:image\/png;base64,iVBORw0KGgoAAAANSUhEUgAAAH0AAAAeCAMAAAA2PuHjAAABBVBMVEX\/\/\/\/IyMjq6urx8fHOzs7c3Nz4+Pjj4+PV1dVFZ4nQ2eHh5eq5xtJ9kqiGl6i7xMyKoLWxucK3u8Blf5hcepfn7PBVc5BzjaZYdpR7kKWWo7B2i6Bxi6TV2d1Wc5FbeZbJzdFngJqbrL3Gztd4jaKwvcqntMHAydGis8TIyMhFZ4m8wcW2vseNnq+JmquCmK1shp+nr7iFmrCap7Sfq7iXqLlwiaPIyMjNzc3MzMzQ0NDU1NTX19fy8vJFZ4mrtLx5jqNuh6FaeJaer8CQobLb3+SgrbmjsLzP09dpgpzIyMhFZ4lXdZPL09zIyMhFZ4lXdJJZd5XIyMhFZ4m0wc6UpbbDx8su4uduAAAACXBIWXMAAA7EAAAOxAGVKw4bAAAEFklEQVRIie2WfXOcNhCHeZMEWMaY48U5enWSqxOQ09jn2KadztDaSZsUxZBA2u\/\/Ubp6uRx27JQ608502v3nkA7p0e5vd4Vh\/G\/\/LsP\/MG7Ms6oKjw6Abdv+O5CWrRi4qtzRPKocq2nWROw0Dbm5FLmjKXyvUNklmOMiy0ZVNXKvqsiGfivccPrNce2+t+5BJ8AupX1XVWizGxzlIx27TYM+Xer0o\/f7\/j7KoLIUqhLklKaQen2oyjHsNf12uNGP6Nb96G7prDeIINrqMax\/hDis6XfAgb5RA+hThLes62c8jNbixfWq+l491nVVWYK+9CV8pO9m\/dUs0PQkMchEumleS4+AsaygCTwV9U+CCebXF0IEoF9yfwy3nFaYgn4Yck0vhgLoE+CQK6YKo+MgOC3OmbSMGkldR9UPcrf6VFQf0DnX8KKAKJC2dRBy2xYpeqD9CAc6lU5MU\/y4KgZ2ypZ+kQk+QHNVdBkcgwj6ir9thOh+zDk1bI212lYsffyRng0+mkb3t0wTCMg0ZdgWLJV6UcYK6bzYv76U2W83c54DvTnjPANt3FZLQFqRqSfD3EUIEWJdDEu3d+4ijo1626Yr1FeaPWMzfSrGkpd1ILB+\/aoSe+Em54Fjr1K+T8UQXKZSAQgCOHA0zHtl6RD10+iG55mmawY7avQte67nM0Z\/rlNRdKLeiKTP+C4uOM8PxQtWu3rXgb1f2jL0F8Ps6Ojstyc7z94Ov\/e9ezvuhoXerhnNvDiRo0dsV88XrLCC+hfwOt5X8mNIuitQ\/LWqdxKlXR4EaddFkn48bOxa1\/2c+d52lHqZHjH2cENHkVB8UR\/JwBs44tIodHmgkaA7sSyCXnUPHAfGe8P8Ay3CMMsk\/daG9KnteZ73QD9vsXTdr0JWOOXz+nV1CvUmt8JzgaY8g9JrsEHA6zgE3eNY7TPoNE+GeDKdzDxvbuqGdcDyde\/J2LIs39TnVV4fqqaDc34M+sTcJ6LoF1132SmTC4YxvZ9GJ7nnfWXqjmMcsUA3yIQxuHBwWO+mv1aVnMIzLnKz4Jls9VfdDCU0jLtuH0tmqtPcH7JrPf9uW8y8r\/e9h6apoMdspf8I2UlZImh451B2OoM4fyMwnPvigl90qewyxtULUfgbOh1CPIm+SL1HW9R7vC53xiL1aQPlviodLK43aDlKjYSrpBDOw13f7Hd56xKCoNNj4fHMHdP\/\/ONimXrfYCPxYtd0NJOlefDidJuxoHREMiT0wLJUYCifEUM7bxDX3ek6eDlPc3HKER0umUn0rYMnYmHmPVVdPjk7ZtryEt28IpOCqoeQh\/LXj0XK7S31Zlt6AY0pdp3JHxfUC11z3R0gkU7Oz57an7mewXnVmwyfqtv4i8wvoFn\/pffplyL\/i\/YHimSef\/8J0SYAAAAASUVORK5CYII=\"\/><\/span><\/div>\r\n\r\n                <div class=\"\" >\r\n\t\t\t\t\t                        <div class=\"c-hint\">\r\n\t\t\t\t\t\t\tVeuillez saisir les caract\u00e8res\u00a0:                        <\/div>\r\n\t\t\t\t\t                    <input class=\"f12c  wpcf7-form-control wpcf7-f12_captcha wpcf7-validates-as-captcha\"\r\n                           data-method=\"image\" aria-required=&quot;true&quot;                            type=\"text\" id=\"c_db38035e78a3293246de\"\r\n                           name=\"f12_captcha-100\"\r\n                           placeholder=\"?\" value=\"\"\/>\r\n                <\/div>\r\n            <\/div>\r\n\r\n            <div class=\"c-reload\"><a href=\"javascript:void(0);\" class=\"cf7 captcha-reload\" title=\"Recharger le CAPTCHA\"><img decoding=\"async\" style=\"margin-top:5px;\" src=\"https://getzds.com\/wp-content\/plugins\/captcha-for-contact-form-7\/core\/assets\/reload-icon.png\" alt=\"Recharger\"\/><\/a><\/div>\r\n        <\/div>\r\n\r\n        <input type=\"hidden\" id=\"hash_c_db38035e78a3293246de\" name=\"f12_captcha-100_hash\"\r\n               value=\"$2y$10$h9cN\/wCo\/tiT6zn3\/WBCquARJx53zv2nwJNNH48g29cmKT5UOjxa.\"\/>\r\n    <\/label>\r\n<\/div>\r\n\n    <button type=\"submit\" class=\"btn\">Soumettre<\/button>\n<\/div><p><span class=\"wpcf7-form-control-wrap\"><input type=\"hidden\" name=\"php_start_time\" value=\"1776595307.5106\" \/><input type=\"hidden\" name=\"js_end_time\" class=\"js_end_time\" value=\"\" \/><input type=\"hidden\" name=\"js_start_time\" class=\"js_start_time\" value=\"\" \/><div class=\"f12t\"><input type=\"hidden\" class=\"f12_timer\" name=\"f12_multiple_submission_protection\" value=\"$2y$10$R9XWPefSdHZ0jaN\/NV\/ewOqZjN3C74rV8lqgG62MeFj.oJelMX8Re\"\/><\/div><\/span><\/p><div class=\"wpcf7-response-output\" aria-hidden=\"true\"><\/div>\n<\/form>\n<\/div>\n<\/div>\n\t\t\t\t\t\t<\/div>\n\t\t\t\t<\/div>\n\t\t\t\t<\/div>\n\t\t\t\t\t<\/div>\n\t\t\t\t<\/div>\n\t\t<div class=\"elementor-element elementor-element-425a12c e-flex e-con-boxed e-con e-parent\" data-id=\"425a12c\" data-element_type=\"container\" data-settings=\"{&quot;background_background&quot;:&quot;gradient&quot;}\">\n\t\t\t\t\t<div class=\"e-con-inner\">\n\t\t<div class=\"elementor-element elementor-element-4942340 e-flex e-con-boxed e-con e-child\" data-id=\"4942340\" data-element_type=\"container\">\n\t\t\t\t\t<div class=\"e-con-inner\">\n\t\t\t\t<div class=\"elementor-element elementor-element-aff2294 elementor-widget__width-initial elementor-widget elementor-widget-heading\" data-id=\"aff2294\" data-element_type=\"widget\" data-widget_type=\"heading.default\">\n\t\t\t\t<div class=\"elementor-widget-container\">\n\t\t\t\t\t<h2 class=\"elementor-heading-title elementor-size-default\">Avantages<\/h2>\t\t\t\t<\/div>\n\t\t\t\t<\/div>\n\t\t\t\t\t<\/div>\n\t\t\t\t<\/div>\n\t\t<div class=\"elementor-element elementor-element-137ab1a e-con-full elementor-hidden-mobile e-flex e-con e-child\" data-id=\"137ab1a\" data-element_type=\"container\">\n\t\t\t\t<\/div>\n\t\t<div class=\"elementor-element elementor-element-86e36d5 e-con-full e-flex e-con e-child\" data-id=\"86e36d5\" data-element_type=\"container\">\n\t\t\t\t<div class=\"elementor-element elementor-element-a4339dd elementor-widget elementor-widget-heading\" data-id=\"a4339dd\" data-element_type=\"widget\" data-widget_type=\"heading.default\">\n\t\t\t\t<div class=\"elementor-widget-container\">\n\t\t\t\t\t<h2 class=\"elementor-heading-title elementor-size-default\">Obtenez 20 % de plus en revendant ZDS \u00e0 ZFX !<\/h2>\t\t\t\t<\/div>\n\t\t\t\t<\/div>\n\t\t\t\t<div class=\"elementor-element elementor-element-5c5dfcf elementor-widget elementor-widget-text-editor\" data-id=\"5c5dfcf\" data-element_type=\"widget\" data-widget_type=\"text-editor.default\">\n\t\t\t\t<div class=\"elementor-widget-container\">\n\t\t\t\t\t\t\t\t\t<p>Maximisez vos retours avec des prix jusqu&rsquo;\u00e0 20% plus \u00e9lev\u00e9s lorsque vous revendez des ZDS \u00e0 ZFX !<\/p>\n\t\t\t\t\t\t\t\t<\/div>\n\t\t\t\t<\/div>\n\t\t\t\t<\/div>\n\t\t<div class=\"elementor-element elementor-element-121b0fd e-con-full e-flex e-con e-child\" data-id=\"121b0fd\" data-element_type=\"container\">\n\t\t\t\t<div class=\"elementor-element elementor-element-8188b99 elementor-widget elementor-widget-heading\" data-id=\"8188b99\" data-element_type=\"widget\" data-widget_type=\"heading.default\">\n\t\t\t\t<div class=\"elementor-widget-container\">\n\t\t\t\t\t<h2 class=\"elementor-heading-title elementor-size-default\"><span>Acc\u00e8s aux investissements patrimoniaux \u00e0 long terme<\/span><\/h2>\t\t\t\t<\/div>\n\t\t\t\t<\/div>\n\t\t\t\t<div class=\"elementor-element elementor-element-25733f6 elementor-widget elementor-widget-text-editor\" data-id=\"25733f6\" data-element_type=\"widget\" data-widget_type=\"text-editor.default\">\n\t\t\t\t<div class=\"elementor-widget-container\">\n\t\t\t\t\t\t\t\t\t<p>Assurez votre avenir financier en acc\u00e9dant \u00e0 des options d&rsquo;investissement \u00e0 long terme exclusives.<\/p>\n\t\t\t\t\t\t\t\t<\/div>\n\t\t\t\t<\/div>\n\t\t\t\t<\/div>\n\t\t<div class=\"elementor-element elementor-element-7b967eb e-con-full elementor-hidden-mobile e-flex e-con e-child\" data-id=\"7b967eb\" data-element_type=\"container\">\n\t\t\t\t<\/div>\n\t\t<div class=\"elementor-element elementor-element-0b41809 e-con-full e-flex e-con e-child\" data-id=\"0b41809\" data-element_type=\"container\">\n\t\t\t\t<div class=\"elementor-element elementor-element-fac5b12 elementor-widget elementor-widget-heading\" data-id=\"fac5b12\" data-element_type=\"widget\" data-widget_type=\"heading.default\">\n\t\t\t\t<div class=\"elementor-widget-container\">\n\t\t\t\t\t<h2 class=\"elementor-heading-title elementor-size-default\">\u00c9v\u00e9nements VIP sur invitation<\/h2>\t\t\t\t<\/div>\n\t\t\t\t<\/div>\n\t\t\t\t<div class=\"elementor-element elementor-element-988c36d elementor-widget elementor-widget-text-editor\" data-id=\"988c36d\" data-element_type=\"widget\" data-widget_type=\"text-editor.default\">\n\t\t\t\t<div class=\"elementor-widget-container\">\n\t\t\t\t\t\t\t\t\t<p>Entrez dans le cercle de l&rsquo;\u00e9lite en b\u00e9n\u00e9ficiant d&rsquo;un acc\u00e8s r\u00e9serv\u00e9 aux \u00e9v\u00e9nements premium et VIP.<\/p>\n\t\t\t\t\t\t\t\t<\/div>\n\t\t\t\t<\/div>\n\t\t\t\t<\/div>\n\t\t<div class=\"elementor-element elementor-element-0834c8d e-con-full e-flex e-con e-child\" data-id=\"0834c8d\" data-element_type=\"container\">\n\t\t\t\t<div class=\"elementor-element elementor-element-fe2e38d elementor-widget elementor-widget-heading\" data-id=\"fe2e38d\" data-element_type=\"widget\" data-widget_type=\"heading.default\">\n\t\t\t\t<div class=\"elementor-widget-container\">\n\t\t\t\t\t<h2 class=\"elementor-heading-title elementor-size-default\"><span>Rencontre avec les fondateurs<\/span><\/h2>\t\t\t\t<\/div>\n\t\t\t\t<\/div>\n\t\t\t\t<div class=\"elementor-element elementor-element-d742f24 elementor-widget elementor-widget-text-editor\" data-id=\"d742f24\" data-element_type=\"widget\" data-widget_type=\"text-editor.default\">\n\t\t\t\t<div class=\"elementor-widget-container\">\n\t\t\t\t\t\t\t\t\t<p>Rencontrez les visionnaires qui se cachent derri\u00e8re ZDS lors de rencontres exclusives.<\/p>\n\t\t\t\t\t\t\t\t<\/div>\n\t\t\t\t<\/div>\n\t\t\t\t<\/div>\n\t\t<div class=\"elementor-element elementor-element-89f0e8b e-con-full elementor-hidden-mobile e-flex e-con e-child\" data-id=\"89f0e8b\" data-element_type=\"container\">\n\t\t\t\t<\/div>\n\t\t<div class=\"elementor-element elementor-element-97ad2ea e-con-full e-flex e-con e-child\" data-id=\"97ad2ea\" data-element_type=\"container\">\n\t\t\t\t<div class=\"elementor-element elementor-element-7333225 elementor-widget elementor-widget-heading\" data-id=\"7333225\" data-element_type=\"widget\" data-widget_type=\"heading.default\">\n\t\t\t\t<div class=\"elementor-widget-container\">\n\t\t\t\t\t<h2 class=\"elementor-heading-title elementor-size-default\"><span>Potentiel de profit illimit\u00e9  <\/span><\/h2>\t\t\t\t<\/div>\n\t\t\t\t<\/div>\n\t\t\t\t<div class=\"elementor-element elementor-element-e2ceee0 elementor-widget elementor-widget-text-editor\" data-id=\"e2ceee0\" data-element_type=\"widget\" data-widget_type=\"text-editor.default\">\n\t\t\t\t<div class=\"elementor-widget-container\">\n\t\t\t\t\t\t\t\t\t<p>Il n&rsquo;y a pas de limite \u00e0 votre potentiel de gain &#8211; d\u00e9bloquez des possibilit\u00e9s de profit infinies !<\/p>\n\t\t\t\t\t\t\t\t<\/div>\n\t\t\t\t<\/div>\n\t\t\t\t<\/div>\n\t\t<div class=\"elementor-element elementor-element-98a2ff1 e-con-full e-flex e-con e-child\" data-id=\"98a2ff1\" data-element_type=\"container\">\n\t\t\t\t<\/div>\n\t\t\t\t\t<\/div>\n\t\t\t\t<\/div>\n\t\t\t\t<\/div>\n\t\t","protected":false},"excerpt":{"rendered":"<p>Prime IB Formulaire d&rsquo;inscription Les agents peuvent s&rsquo;inscrire en utilisant ce formulaire pour rejoindre la liste d&rsquo;attente des partenaires ZDS Premium et devenir \u00e9ligibles pour revendre des ZDS \u00e0 ZFX \u00e0 un tarif pr\u00e9f\u00e9rentiel. Avantages Obtenez 20 % de plus en revendant ZDS \u00e0 ZFX ! Maximisez vos retours avec des prix jusqu&rsquo;\u00e0 20% plus [&hellip;]<\/p>\n","protected":false},"author":1,"featured_media":0,"parent":0,"menu_order":0,"comment_status":"closed","ping_status":"closed","template":"elementor_header_footer","meta":{"_acf_changed":false,"footnotes":""},"class_list":["post-5506","page","type-page","status-publish","hentry"],"acf":[],"yoast_head":"<!-- This site is optimized with the Yoast SEO Premium plugin v23.5 (Yoast SEO v25.2) - https:\/\/yoast.com\/wordpress\/plugins\/seo\/ -->\n<title>Prime IB - ZDS<\/title>\n<meta name=\"robots\" content=\"index, follow, max-snippet:-1, max-image-preview:large, max-video-preview:-1\" \/>\n<link rel=\"canonical\" href=\"https://getzds.com\/fr\/wp-json\/wp\/v2\/pages\/5506\" \/>\n<meta property=\"og:locale\" content=\"fr_FR\" \/>\n<meta property=\"og:type\" content=\"article\" \/>\n<meta property=\"og:title\" content=\"Prime IB\" \/>\n<meta property=\"og:description\" content=\"Prime IB Formulaire d&rsquo;inscription Les agents peuvent s&rsquo;inscrire en utilisant ce formulaire pour rejoindre la liste d&rsquo;attente des partenaires ZDS Premium et devenir \u00e9ligibles pour revendre des ZDS \u00e0 ZFX \u00e0 un tarif pr\u00e9f\u00e9rentiel. Avantages Obtenez 20 % de plus en revendant ZDS \u00e0 ZFX ! Maximisez vos retours avec des prix jusqu&rsquo;\u00e0 20% plus [&hellip;]\" \/>\n<meta property=\"og:url\" content=\"https://getzds.com\/fr\/prime-ib\/\" \/>\n<meta property=\"og:site_name\" content=\"ZDS\" \/>\n<meta property=\"article:publisher\" content=\"https:\/\/www.facebook.com\/ZDSDigitalShares\" \/>\n<meta property=\"article:modified_time\" content=\"2024-09-16T11:19:26+00:00\" \/>\n<meta property=\"og:image\" content=\"https://getzds.com\/wp-content\/uploads\/2024\/09\/ib-hero-minified-1024x573.png\" \/>\n<meta name=\"twitter:card\" content=\"summary_large_image\" \/>\n<meta name=\"twitter:label1\" content=\"Dur\u00e9e de lecture estim\u00e9e\" \/>\n\t<meta name=\"twitter:data1\" content=\"1 minute\" \/>\n<script type=\"application\/ld+json\" class=\"yoast-schema-graph\">{\"@context\":\"https:\/\/schema.org\",\"@graph\":[{\"@type\":\"WebPage\",\"@id\":\"https://getzds.com\/fr\/prime-ib\/\",\"url\":\"https://getzds.com\/fr\/prime-ib\/\",\"name\":\"Prime IB - ZDS\",\"isPartOf\":{\"@id\":\"https://getzds.com\/fr\/#website\"},\"primaryImageOfPage\":{\"@id\":\"https://getzds.com\/fr\/prime-ib\/#primaryimage\"},\"image\":{\"@id\":\"https://getzds.com\/fr\/prime-ib\/#primaryimage\"},\"thumbnailUrl\":\"https://getzds.com\/wp-content\/uploads\/2024\/09\/ib-hero-minified-1024x573.png\",\"datePublished\":\"2024-09-11T06:03:16+00:00\",\"dateModified\":\"2024-09-16T11:19:26+00:00\",\"breadcrumb\":{\"@id\":\"https://getzds.com\/fr\/prime-ib\/#breadcrumb\"},\"inLanguage\":\"fr-FR\",\"potentialAction\":[{\"@type\":\"ReadAction\",\"target\":[\"https://getzds.com\/fr\/prime-ib\/\"]}]},{\"@type\":\"ImageObject\",\"inLanguage\":\"fr-FR\",\"@id\":\"https://getzds.com\/fr\/prime-ib\/#primaryimage\",\"url\":\"https://getzds.com\/wp-content\/uploads\/2024\/09\/ib-hero-minified-1024x573.png\",\"contentUrl\":\"https://getzds.com\/wp-content\/uploads\/2024\/09\/ib-hero-minified-1024x573.png\"},{\"@type\":\"BreadcrumbList\",\"@id\":\"https://getzds.com\/fr\/prime-ib\/#breadcrumb\",\"itemListElement\":[{\"@type\":\"ListItem\",\"position\":1,\"name\":\"Home\",\"item\":\"https://getzds.com\/fr\/\"},{\"@type\":\"ListItem\",\"position\":2,\"name\":\"Prime IB\"}]},{\"@type\":\"WebSite\",\"@id\":\"https://getzds.com\/fr\/#website\",\"url\":\"https://getzds.com\/fr\/\",\"name\":\"Zeal Digital Share\",\"description\":\"Zeal Digital Share\",\"publisher\":{\"@id\":\"https://getzds.com\/fr\/#organization\"},\"alternateName\":\"ZDS\",\"potentialAction\":[{\"@type\":\"SearchAction\",\"target\":{\"@type\":\"EntryPoint\",\"urlTemplate\":\"https://getzds.com\/fr\/?s={search_term_string}\"},\"query-input\":{\"@type\":\"PropertyValueSpecification\",\"valueRequired\":true,\"valueName\":\"search_term_string\"}}],\"inLanguage\":\"fr-FR\"},{\"@type\":\"Organization\",\"@id\":\"https://getzds.com\/fr\/#organization\",\"name\":\"ZDS\",\"url\":\"https://getzds.com\/fr\/\",\"logo\":{\"@type\":\"ImageObject\",\"inLanguage\":\"fr-FR\",\"@id\":\"https://getzds.com\/fr\/#\/schema\/logo\/image\/\",\"url\":\"https://getzds.com\/wp-content\/uploads\/2024\/09\/zds-logomotion.png\",\"contentUrl\":\"https://getzds.com\/wp-content\/uploads\/2024\/09\/zds-logomotion.png\",\"width\":900,\"height\":508,\"caption\":\"ZDS\"},\"image\":{\"@id\":\"https://getzds.com\/fr\/#\/schema\/logo\/image\/\"},\"sameAs\":[\"https:\/\/www.facebook.com\/ZDSDigitalShares\",\"https:\/\/www.instagram.com\/zds_en\/\",\"https:\/\/t.me\/ZDSGlobalCommunity\"]}]}<\/script>\n<!-- \/ Yoast SEO Premium plugin. -->","yoast_head_json":{"title":"Prime IB - ZDS","robots":{"index":"index","follow":"follow","max-snippet":"max-snippet:-1","max-image-preview":"max-image-preview:large","max-video-preview":"max-video-preview:-1"},"canonical":"https://getzds.com\/fr\/wp-json\/wp\/v2\/pages\/5506","og_locale":"fr_FR","og_type":"article","og_title":"Prime IB","og_description":"Prime IB Formulaire d&rsquo;inscription Les agents peuvent s&rsquo;inscrire en utilisant ce formulaire pour rejoindre la liste d&rsquo;attente des partenaires ZDS Premium et devenir \u00e9ligibles pour revendre des ZDS \u00e0 ZFX \u00e0 un tarif pr\u00e9f\u00e9rentiel. Avantages Obtenez 20 % de plus en revendant ZDS \u00e0 ZFX ! Maximisez vos retours avec des prix jusqu&rsquo;\u00e0 20% plus [&hellip;]","og_url":"https://getzds.com\/fr\/prime-ib\/","og_site_name":"ZDS","article_publisher":"https:\/\/www.facebook.com\/ZDSDigitalShares","article_modified_time":"2024-09-16T11:19:26+00:00","og_image":[{"url":"https://getzds.com\/wp-content\/uploads\/2024\/09\/ib-hero-minified-1024x573.png","type":"","width":"","height":""}],"twitter_card":"summary_large_image","twitter_misc":{"Dur\u00e9e de lecture estim\u00e9e":"1 minute"},"schema":{"@context":"https:\/\/schema.org","@graph":[{"@type":"WebPage","@id":"https://getzds.com\/fr\/prime-ib\/","url":"https://getzds.com\/fr\/prime-ib\/","name":"Prime IB - ZDS","isPartOf":{"@id":"https://getzds.com\/fr\/#website"},"primaryImageOfPage":{"@id":"https://getzds.com\/fr\/prime-ib\/#primaryimage"},"image":{"@id":"https://getzds.com\/fr\/prime-ib\/#primaryimage"},"thumbnailUrl":"https://getzds.com\/wp-content\/uploads\/2024\/09\/ib-hero-minified-1024x573.png","datePublished":"2024-09-11T06:03:16+00:00","dateModified":"2024-09-16T11:19:26+00:00","breadcrumb":{"@id":"https://getzds.com\/fr\/prime-ib\/#breadcrumb"},"inLanguage":"fr-FR","potentialAction":[{"@type":"ReadAction","target":["https://getzds.com\/fr\/prime-ib\/"]}]},{"@type":"ImageObject","inLanguage":"fr-FR","@id":"https://getzds.com\/fr\/prime-ib\/#primaryimage","url":"https://getzds.com\/wp-content\/uploads\/2024\/09\/ib-hero-minified-1024x573.png","contentUrl":"https://getzds.com\/wp-content\/uploads\/2024\/09\/ib-hero-minified-1024x573.png"},{"@type":"BreadcrumbList","@id":"https://getzds.com\/fr\/prime-ib\/#breadcrumb","itemListElement":[{"@type":"ListItem","position":1,"name":"Home","item":"https://getzds.com\/fr\/"},{"@type":"ListItem","position":2,"name":"Prime IB"}]},{"@type":"WebSite","@id":"https://getzds.com\/fr\/#website","url":"https://getzds.com\/fr\/","name":"Zeal Digital Share","description":"Zeal Digital Share","publisher":{"@id":"https://getzds.com\/fr\/#organization"},"alternateName":"ZDS","potentialAction":[{"@type":"SearchAction","target":{"@type":"EntryPoint","urlTemplate":"https://getzds.com\/fr\/?s={search_term_string}"},"query-input":{"@type":"PropertyValueSpecification","valueRequired":true,"valueName":"search_term_string"}}],"inLanguage":"fr-FR"},{"@type":"Organization","@id":"https://getzds.com\/fr\/#organization","name":"ZDS","url":"https://getzds.com\/fr\/","logo":{"@type":"ImageObject","inLanguage":"fr-FR","@id":"https://getzds.com\/fr\/#\/schema\/logo\/image\/","url":"https://getzds.com\/wp-content\/uploads\/2024\/09\/zds-logomotion.png","contentUrl":"https://getzds.com\/wp-content\/uploads\/2024\/09\/zds-logomotion.png","width":900,"height":508,"caption":"ZDS"},"image":{"@id":"https://getzds.com\/fr\/#\/schema\/logo\/image\/"},"sameAs":["https:\/\/www.facebook.com\/ZDSDigitalShares","https:\/\/www.instagram.com\/zds_en\/","https:\/\/t.me\/ZDSGlobalCommunity"]}]}},"_links":{"self":[{"href":"https://getzds.com\/fr\/wp-json\/wp\/v2\/pages\/5506","targetHints":{"allow":["GET"]}}],"collection":[{"href":"https://getzds.com\/fr\/wp-json\/wp\/v2\/pages"}],"about":[{"href":"https://getzds.com\/fr\/wp-json\/wp\/v2\/types\/page"}],"author":[{"embeddable":true,"href":"https://getzds.com\/fr\/wp-json\/wp\/v2\/users\/1"}],"replies":[{"embeddable":true,"href":"https://getzds.com\/fr\/wp-json\/wp\/v2\/comments?post=5506"}],"version-history":[{"count":0,"href":"https://getzds.com\/fr\/wp-json\/wp\/v2\/pages\/5506\/revisions"}],"wp:attachment":[{"href":"https://getzds.com\/fr\/wp-json\/wp\/v2\/media?parent=5506"}],"curies":[{"name":"wp","href":"https:\/\/api.w.org\/{rel}","templated":true}]}}